{"id":1359,"date":"2023-06-13T10:17:17","date_gmt":"2023-06-13T08:17:17","guid":{"rendered":"https:\/\/dreiso.de\/company-history\/"},"modified":"2023-10-04T15:10:32","modified_gmt":"2023-10-04T13:10:32","slug":"company-history","status":"publish","type":"page","link":"https:\/\/dreiso-pooling.com\/en\/about-us\/company-history\/","title":{"rendered":"Company history"},"content":{"rendered":"<div id=\"dreiso_block_block_3967a3e8bd26fd9e3da9d4cded16e746\" class=\"dreiso_block dreiso_block--dreiso_text_header\">\n     <div class=\"dreiso_block--wrapper\">\n        <div class=\"container\">\n            <div class=\"row\">\n                <div class=\"col-12 col-md-8 col-lg-8\">\n                    <div class='trenner'><\/div>\n                    <h2 class=\"fw-600 dunkelgruen mb-4\">History  <\/h2>\n                    \n                    <p class=\"mb-0\">We have been operating in Edenkoben\/Edesheim since 1957 and have remained a family-run business in the third generation to this day.  <\/p>\n                    \n                                    <\/div>\n            <\/div>\n        <\/div>\n    <\/div>\n<\/div>\n<div id=\"dreiso_block_block_9f50903c843068404a570624227cc34e\" class=\"dreiso_block dreiso_block--dreiso_history\">\n     <div class=\"dreiso_block--wrapper\">\n        <div class=\"container\">\n            <div class=\"justify-content-center\">\n                \n\n                        <div class=\"timeline-item pb-5 row\">\n                            <div class=\"timeline-item-text col-12 col-md-5\">\n                                <div class=\"timeline-item-text-wrapper\">\n                                    <h4 class=\"dunkelgruen h4\">Foundation of the company dreiwo<\/h4>\n                                                                                <p class=\"mb-0\">Karl Drei\u00dfigacker and Helmut Wollmann found the company dreiwo (Drei\u00dfigacker und Wollmann) based in Edenkoben.  \nThe first focus is on the production of crates for breweries, as well as wine crates for local winemakers.  \nThe first special pallets also leave the production line.<\/p>\n                                                                          <\/div>        \n                            <\/div>\n                                                            <div class=\"timeline-item-year col-12 col-md-2\">\n                                    <p class=\"mb-0\">1957<\/p>\n                                <\/div>\n                                                                                  <\/div>\n                \n\n                        <div class=\"timeline-item pb-5 row\">\n                            <div class=\"timeline-item-text col-12 col-md-5\">\n                                <div class=\"timeline-item-text-wrapper\">\n                                    <h4 class=\"dunkelgruen h4\">Dissolution of the company dreiwo\/ foundation of the company dreiso<\/h4>\n                                                                                <p class=\"mb-0\">After leaving the company dreiwo, Karl Drei\u00dfigacker and his son Herbert Drei\u00dfigacker founded dreiso GmbH &amp; Co KG, Drei\u00dfigacker und Sohn, based in Edesheim.  \nHere, the focus was also shifted to the production of special and CP pallets.\nThe company dreiso started with 20 employees on 4.000 m\u00b2 and grew to 30 employees and 8.000 m\u00b2 at its location in Edesheim.<\/p>\n                                                                          <\/div>        \n                            <\/div>\n                                                            <div class=\"timeline-item-year col-12 col-md-2\">\n                                    <p class=\"mb-0\">1976<\/p>\n                                <\/div>\n                                                                                          <div class=\"timeline-item-img col-12 col-md-5\">\n                                    <img decoding=\"async\" src=\"https:\/\/dreiso-pooling.com\/wp-content\/uploads\/2023\/07\/logo-dreiso-alt.png\">\n                                <\/div>\n                                                      <\/div>\n                \n\n                        <div class=\"timeline-item pb-5 row\">\n                            <div class=\"timeline-item-text col-12 col-md-5\">\n                                <div class=\"timeline-item-text-wrapper\">\n                                    <h4 class=\"dunkelgruen h4\">Change of name to dreiso GmbH Drei\u00dfigacker &amp; Sohn<\/h4>\n                                                                    <\/div>        \n                            <\/div>\n                                                            <div class=\"timeline-item-year col-12 col-md-2\">\n                                    <p class=\"mb-0\">2000<\/p>\n                                <\/div>\n                                                                                  <\/div>\n                \n\n                        <div class=\"timeline-item pb-5 row\">\n                            <div class=\"timeline-item-text col-12 col-md-5\">\n                                <div class=\"timeline-item-text-wrapper\">\n                                    <h4 class=\"dunkelgruen h4\">Foundation of the company dreiwo GbR  <\/h4>\n                                                                                <p class=\"mb-0\">Herbert Drei\u00dfigacker and Martin Wolf again found a dreiwo GbR (Drei\u00dfigacker and Wolf) based in Edenkoben.\nHere the focus is on services in the field of service and trade of production equipment for wood processing.\n<\/p>\n                                                                          <\/div>        \n                            <\/div>\n                                                            <div class=\"timeline-item-year col-12 col-md-2\">\n                                    <p class=\"mb-0\">2002<\/p>\n                                <\/div>\n                                                                                  <\/div>\n                \n\n                        <div class=\"timeline-item pb-5 row\">\n                            <div class=\"timeline-item-text col-12 col-md-5\">\n                                <div class=\"timeline-item-text-wrapper\">\n                                    <h4 class=\"dunkelgruen h4\">the dreiwo GbR is registered under the trademark license number D-308<\/h4>\n                                                                                <p class=\"mb-0\">Certified repairer of EPAL euro pallets and EPAL mesh boxes.\nThe company&#8217;s focus is shifted to the trade of mesh boxes and Euro pallets, as well as their sorting and repair. Since then we have been repairing Euro pallets, skeleton containers and special load carriers for our customers in various industries.\n<\/p>\n                                                                          <\/div>        \n                            <\/div>\n                                                            <div class=\"timeline-item-year col-12 col-md-2\">\n                                    <p class=\"mb-0\">2006<\/p>\n                                <\/div>\n                                                                                  <\/div>\n                \n\n                        <div class=\"timeline-item pb-5 row\">\n                            <div class=\"timeline-item-text col-12 col-md-5\">\n                                <div class=\"timeline-item-text-wrapper\">\n                                    <h4 class=\"dunkelgruen h4\">Construction of the drying chamber at the Edenkoben site<\/h4>\n                                                                                <p class=\"mb-0\">Due to globalization, more and more goods are exported on pallets to third countries.  \nHowever, these so-called export plates must undergo special treatment.  \nRecognized measures for treating the packaging are heat treatment or fumigation with methyl bromide.  \ndreiso GmbH applies the method of heat treatment.  \nMaterials treated in this way are then marked with an IPPC stamp.  \nFor this purpose, two drying kilns from M\u00fchlb\u00f6ck with an innovative heat recovery system were built at the Edenkoben site.  \nThis allows the drying chambers to be operated in an energy-efficient and cost-effective manner.\n<\/p>\n                                                                          <\/div>        \n                            <\/div>\n                                                            <div class=\"timeline-item-year col-12 col-md-2\">\n                                    <p class=\"mb-0\">2006<\/p>\n                                <\/div>\n                                                                                          <div class=\"timeline-item-img col-12 col-md-5\">\n                                    <img decoding=\"async\" src=\"https:\/\/dreiso-pooling.com\/wp-content\/uploads\/2023\/06\/history-3.png\">\n                                <\/div>\n                                                      <\/div>\n                \n\n                        <div class=\"timeline-item pb-5 row\">\n                            <div class=\"timeline-item-text col-12 col-md-5\">\n                                <div class=\"timeline-item-text-wrapper\">\n                                    <h4 class=\"dunkelgruen h4\">Relocation of the dreiso GmbH headquarters to Edenkoben  <\/h4>\n                                                                                <p class=\"mb-0\">In order to meet the constantly growing demands of the increasingly complex pallet market, the space for storage and production had to be expanded once again.  \nHowever, no further land was available for expansion in Edesheim.  \nTherefore, the company moved to the premises in Edenkoben, which were already used by dreiwo GbR. Thus, dreiso GmbH and dreiwo GbR already united at one location and shared grounds and office space.\nThis resulted in new warehouses and production halls, as well as a modern office.\nThe better transport connections and the larger space available enable more efficient work.<\/p>\n                                                                          <\/div>        \n                            <\/div>\n                                                            <div class=\"timeline-item-year col-12 col-md-2\">\n                                    <p class=\"mb-0\">2009<\/p>\n                                <\/div>\n                                                                                  <\/div>\n                \n\n                        <div class=\"timeline-item pb-5 row\">\n                            <div class=\"timeline-item-text col-12 col-md-5\">\n                                <div class=\"timeline-item-text-wrapper\">\n                                    <h4 class=\"dunkelgruen h4\">Construction of a 400 kw PV system on all available roof surfaces<\/h4>\n                                                                    <\/div>        \n                            <\/div>\n                                                            <div class=\"timeline-item-year col-12 col-md-2\">\n                                    <p class=\"mb-0\">2009<\/p>\n                                <\/div>\n                                                                                  <\/div>\n                \n\n                        <div class=\"timeline-item pb-5 row\">\n                            <div class=\"timeline-item-text col-12 col-md-5\">\n                                <div class=\"timeline-item-text-wrapper\">\n                                    <h4 class=\"dunkelgruen h4\">Expansion of the storage area in Edenkoben<\/h4>\n                                                                                <p class=\"mb-0\">dreiso GmbH expanded its storage capacity with the construction of covered storage areas.  \nThis ensures that all pallets that have been treated in our own drying chamber can be stored dry.\n<\/p>\n                                                                          <\/div>        \n                            <\/div>\n                                                            <div class=\"timeline-item-year col-12 col-md-2\">\n                                    <p class=\"mb-0\">2010<\/p>\n                                <\/div>\n                                                                                  <\/div>\n                \n\n                        <div class=\"timeline-item pb-5 row\">\n                            <div class=\"timeline-item-text col-12 col-md-5\">\n                                <div class=\"timeline-item-text-wrapper\">\n                                    <h4 class=\"dunkelgruen h4\">Development and patenting of a plug-in system for export packaging<\/h4>\n                                                                                <p class=\"mb-0\">Exclusive production of this box system under the brand name FM-Box\u00ae.\nConstruction of a production line with a CNC machining center.\n<\/p>\n                                                                          <\/div>        \n                            <\/div>\n                                                            <div class=\"timeline-item-year col-12 col-md-2\">\n                                    <p class=\"mb-0\">2011<\/p>\n                                <\/div>\n                                                                                  <\/div>\n                \n\n                        <div class=\"timeline-item pb-5 row\">\n                            <div class=\"timeline-item-text col-12 col-md-5\">\n                                <div class=\"timeline-item-text-wrapper\">\n                                    <h4 class=\"dunkelgruen h4\">Development and patenting of a four-way pallet 600x800mm  <\/h4>\n                                                                    <\/div>        \n                            <\/div>\n                                                            <div class=\"timeline-item-year col-12 col-md-2\">\n                                    <p class=\"mb-0\">2015<\/p>\n                                <\/div>\n                                                                                  <\/div>\n                \n\n                        <div class=\"timeline-item pb-5 row\">\n                            <div class=\"timeline-item-text col-12 col-md-5\">\n                                <div class=\"timeline-item-text-wrapper\">\n                                    <h4 class=\"dunkelgruen h4\">Merger of dreiso GmbH and dreiwo GbR  <\/h4>\n                                                                                <p class=\"mb-0\">dreiso GmbH and dreiwo GbR merge on 01.01.2018 and continue to exist together as dreiso GmbH.  \nThis merger enables dreiso GmbH to face the increasingly complex packaging market in a future-oriented and powerful way. Resources could be bundled and structures set up in a lean and efficient manner.\nAt this time, we manage more than 25,000 square meters of premises with more than 50 employees.\n<\/p>\n                                                                          <\/div>        \n                            <\/div>\n                                                            <div class=\"timeline-item-year col-12 col-md-2\">\n                                    <p class=\"mb-0\">2018<\/p>\n                                <\/div>\n                                                                                  <\/div>\n                \n\n                        <div class=\"timeline-item pb-5 row\">\n                            <div class=\"timeline-item-text col-12 col-md-5\">\n                                <div class=\"timeline-item-text-wrapper\">\n                                    <h4 class=\"dunkelgruen h4\">the dreiso GmbH is registered under the trademark license number D-891<\/h4>\n                                                                                <p class=\"mb-0\">Certified dealer for EPAL euro pallets and EPAL mesh boxes.<\/p>\n                                                                          <\/div>        \n                            <\/div>\n                                                            <div class=\"timeline-item-year col-12 col-md-2\">\n                                    <p class=\"mb-0\">2019<\/p>\n                                <\/div>\n                                                                                  <\/div>\n                \n\n                        <div class=\"timeline-item pb-5 row\">\n                            <div class=\"timeline-item-text col-12 col-md-5\">\n                                <div class=\"timeline-item-text-wrapper\">\n                                    <h4 class=\"dunkelgruen h4\">Renewal and modernization of existing production facilities, as well as the expansion of pallets manufacturing capacity.<\/h4>\n                                                                    <\/div>        \n                            <\/div>\n                                                            <div class=\"timeline-item-year col-12 col-md-2\">\n                                    <p class=\"mb-0\">2019 &#8211; 2022<\/p>\n                                <\/div>\n                                                                                  <\/div>\n                \n            <\/div>\n        <\/div>\n    <\/div>\n<\/div>\n\n<script type=\"text\/javascript\">\n    $( document ).ready(function() {\n        $.fn.isInViewport = function() {\n            var elementTop = $(this).offset().top;\n            var elementBottom = elementTop + $(this).outerHeight();\n            var viewportTop = $(window).scrollTop();\n            var viewportBottom = viewportTop + $(window).height();\n            return elementBottom > viewportTop && elementTop < viewportBottom;\n        };\n        $(window).on('load resize scroll', function() {\n            $('.dreiso_block--dreiso_history .container .timeline-item').addClass('outer-viewport');\n            $('.dreiso_block--dreiso_history .container .timeline-item').each(function( index ) {\n                if ($(this).isInViewport()) {\n                    $(this).addClass('in-viewport');\n                    $(this).removeClass('outer-viewport');\n                }\n            });\n        });\n    });\n<\/script>\n<div id=\"dreiso_block_block_c92df91b5c82542577957ff16c3da66f\" class=\"dreiso_block dreiso_block--dreiso_text_header\">\n     <div class=\"dreiso_block--wrapper\">\n        <div class=\"container\">\n            <div class=\"row\">\n                <div class=\"col-12 col-md-8 col-lg-8\">\n                    <div class='trenner'><\/div>\n                    <h2 class=\"fw-600 dunkelgruen mb-4\"><\/h2>\n                    \n                    <p class=\"mb-0\">To ensure quality, we have been ISO 9001 certified since <strong>2021<\/strong>.  \nWe are also PEFC-CoC (Chain of Custody) certified to ensure sustainability.\nFurthermore, we are a member of the Bundesverband Holzpackmittel, Paletten, Exportverpackung e. V. (HPE).\nIn the Rhineland-Palatinate Sawmill and Timber Industry Association, our Managing Director, Herbert Drei\u00dfigacker, is the second Chairman.\n<\/p>\n                    \n                                    <\/div>\n            <\/div>\n        <\/div>\n    <\/div>\n<\/div>\n","protected":false},"excerpt":{"rendered":"","protected":false},"author":1,"featured_media":0,"parent":1374,"menu_order":1,"comment_status":"closed","ping_status":"closed","template":"","meta":{"_acf_changed":false,"footnotes":""},"class_list":["post-1359","page","type-page","status-publish","hentry"],"acf":[],"yoast_head":"<!-- This site is optimized with the Yoast SEO plugin v24.9 - https:\/\/yoast.com\/wordpress\/plugins\/seo\/ -->\n<title>Company history - dreiso pooling GmbH<\/title>\n<meta name=\"robots\" content=\"index, follow, max-snippet:-1, max-image-preview:large, max-video-preview:-1\" \/>\n<link rel=\"canonical\" href=\"https:\/\/dreiso-pooling.com\/en\/about-us\/company-history\/\" \/>\n<meta property=\"og:locale\" content=\"en_US\" \/>\n<meta property=\"og:type\" content=\"article\" \/>\n<meta property=\"og:title\" content=\"Company history - dreiso pooling GmbH\" \/>\n<meta property=\"og:url\" content=\"https:\/\/dreiso-pooling.com\/en\/about-us\/company-history\/\" \/>\n<meta property=\"og:site_name\" content=\"dreiso pooling GmbH\" \/>\n<meta property=\"article:modified_time\" content=\"2023-10-04T13:10:32+00:00\" \/>\n<meta name=\"twitter:card\" content=\"summary_large_image\" \/>\n<script type=\"application\/ld+json\" class=\"yoast-schema-graph\">{\"@context\":\"https:\/\/schema.org\",\"@graph\":[{\"@type\":\"WebPage\",\"@id\":\"https:\/\/dreiso-pooling.com\/en\/about-us\/company-history\/\",\"url\":\"https:\/\/dreiso-pooling.com\/en\/about-us\/company-history\/\",\"name\":\"Company history - dreiso pooling GmbH\",\"isPartOf\":{\"@id\":\"https:\/\/dreiso-pooling.com\/en\/#website\"},\"datePublished\":\"2023-06-13T08:17:17+00:00\",\"dateModified\":\"2023-10-04T13:10:32+00:00\",\"breadcrumb\":{\"@id\":\"https:\/\/dreiso-pooling.com\/en\/about-us\/company-history\/#breadcrumb\"},\"inLanguage\":\"en-US\",\"potentialAction\":[{\"@type\":\"ReadAction\",\"target\":[\"https:\/\/dreiso-pooling.com\/en\/about-us\/company-history\/\"]}]},{\"@type\":\"BreadcrumbList\",\"@id\":\"https:\/\/dreiso-pooling.com\/en\/about-us\/company-history\/#breadcrumb\",\"itemListElement\":[{\"@type\":\"ListItem\",\"position\":1,\"name\":\"Startseite\",\"item\":\"https:\/\/dreiso-pooling.com\/en\/\"},{\"@type\":\"ListItem\",\"position\":2,\"name\":\"About us\",\"item\":\"https:\/\/dreiso-pooling.com\/en\/about-us\/\"},{\"@type\":\"ListItem\",\"position\":3,\"name\":\"Company history\"}]},{\"@type\":\"WebSite\",\"@id\":\"https:\/\/dreiso-pooling.com\/en\/#website\",\"url\":\"https:\/\/dreiso-pooling.com\/en\/\",\"name\":\"dreiso pooling GmbH\",\"description\":\"Palleten Service-Pooling\",\"potentialAction\":[{\"@type\":\"SearchAction\",\"target\":{\"@type\":\"EntryPoint\",\"urlTemplate\":\"https:\/\/dreiso-pooling.com\/en\/?s={search_term_string}\"},\"query-input\":{\"@type\":\"PropertyValueSpecification\",\"valueRequired\":true,\"valueName\":\"search_term_string\"}}],\"inLanguage\":\"en-US\"}]}<\/script>\n<!-- \/ Yoast SEO plugin. -->","yoast_head_json":{"title":"Company history - dreiso pooling GmbH","robots":{"index":"index","follow":"follow","max-snippet":"max-snippet:-1","max-image-preview":"max-image-preview:large","max-video-preview":"max-video-preview:-1"},"canonical":"https:\/\/dreiso-pooling.com\/en\/about-us\/company-history\/","og_locale":"en_US","og_type":"article","og_title":"Company history - dreiso pooling GmbH","og_url":"https:\/\/dreiso-pooling.com\/en\/about-us\/company-history\/","og_site_name":"dreiso pooling GmbH","article_modified_time":"2023-10-04T13:10:32+00:00","twitter_card":"summary_large_image","schema":{"@context":"https:\/\/schema.org","@graph":[{"@type":"WebPage","@id":"https:\/\/dreiso-pooling.com\/en\/about-us\/company-history\/","url":"https:\/\/dreiso-pooling.com\/en\/about-us\/company-history\/","name":"Company history - dreiso pooling GmbH","isPartOf":{"@id":"https:\/\/dreiso-pooling.com\/en\/#website"},"datePublished":"2023-06-13T08:17:17+00:00","dateModified":"2023-10-04T13:10:32+00:00","breadcrumb":{"@id":"https:\/\/dreiso-pooling.com\/en\/about-us\/company-history\/#breadcrumb"},"inLanguage":"en-US","potentialAction":[{"@type":"ReadAction","target":["https:\/\/dreiso-pooling.com\/en\/about-us\/company-history\/"]}]},{"@type":"BreadcrumbList","@id":"https:\/\/dreiso-pooling.com\/en\/about-us\/company-history\/#breadcrumb","itemListElement":[{"@type":"ListItem","position":1,"name":"Startseite","item":"https:\/\/dreiso-pooling.com\/en\/"},{"@type":"ListItem","position":2,"name":"About us","item":"https:\/\/dreiso-pooling.com\/en\/about-us\/"},{"@type":"ListItem","position":3,"name":"Company history"}]},{"@type":"WebSite","@id":"https:\/\/dreiso-pooling.com\/en\/#website","url":"https:\/\/dreiso-pooling.com\/en\/","name":"dreiso pooling GmbH","description":"Palleten Service-Pooling","potentialAction":[{"@type":"SearchAction","target":{"@type":"EntryPoint","urlTemplate":"https:\/\/dreiso-pooling.com\/en\/?s={search_term_string}"},"query-input":{"@type":"PropertyValueSpecification","valueRequired":true,"valueName":"search_term_string"}}],"inLanguage":"en-US"}]}},"_links":{"self":[{"href":"https:\/\/dreiso-pooling.com\/en\/wp-json\/wp\/v2\/pages\/1359","targetHints":{"allow":["GET"]}}],"collection":[{"href":"https:\/\/dreiso-pooling.com\/en\/wp-json\/wp\/v2\/pages"}],"about":[{"href":"https:\/\/dreiso-pooling.com\/en\/wp-json\/wp\/v2\/types\/page"}],"author":[{"embeddable":true,"href":"https:\/\/dreiso-pooling.com\/en\/wp-json\/wp\/v2\/users\/1"}],"replies":[{"embeddable":true,"href":"https:\/\/dreiso-pooling.com\/en\/wp-json\/wp\/v2\/comments?post=1359"}],"version-history":[{"count":6,"href":"https:\/\/dreiso-pooling.com\/en\/wp-json\/wp\/v2\/pages\/1359\/revisions"}],"predecessor-version":[{"id":1906,"href":"https:\/\/dreiso-pooling.com\/en\/wp-json\/wp\/v2\/pages\/1359\/revisions\/1906"}],"up":[{"embeddable":true,"href":"https:\/\/dreiso-pooling.com\/en\/wp-json\/wp\/v2\/pages\/1374"}],"wp:attachment":[{"href":"https:\/\/dreiso-pooling.com\/en\/wp-json\/wp\/v2\/media?parent=1359"}],"curies":[{"name":"wp","href":"https:\/\/api.w.org\/{rel}","templated":true}]}}